{"id":569,"date":"2020-03-21T16:30:02","date_gmt":"2020-03-21T15:30:02","guid":{"rendered":"https:\/\/inspithemes.b-cdn.net\/foxuries\/?page_id=569"},"modified":"2022-02-03T15:30:55","modified_gmt":"2022-02-03T14:30:55","slug":"contatti","status":"publish","type":"page","link":"https:\/\/www.villaagnese.com\/de\/contatti\/","title":{"rendered":"Kontakte"},"content":{"rendered":"<div data-elementor-type=\"wp-page\" data-elementor-id=\"569\" class=\"elementor elementor-569\" data-elementor-settings=\"[]\">\n\t\t\t\t\t\t<div class=\"elementor-inner\">\n\t\t\t\t\t\t\t<div class=\"elementor-section-wrap\">\n\t\t\t\t\t\t\t<section class=\"elementor-section elementor-top-section elementor-element elementor-element-498ac01 elementor-section-boxed elementor-section-height-default elementor-section-height-default\" data-id=\"498ac01\" data-element_type=\"section\" data-settings=\"{&quot;background_background&quot;:&quot;classic&quot;}\">\n\t\t\t\t\t\t\t<div class=\"elementor-background-overlay\"><\/div>\n\t\t\t\t\t\t\t<div class=\"elementor-container elementor-column-gap-no\">\n\t\t\t\t\t\t\t<div class=\"elementor-row\">\n\t\t\t\t\t<div class=\"elementor-column elementor-col-50 elementor-top-column elementor-element elementor-element-e634fa2\" data-id=\"e634fa2\" data-element_type=\"column\">\n\t\t\t<div class=\"elementor-column-wrap elementor-element-populated\">\n\t\t\t\t\t\t\t<div class=\"elementor-widget-wrap\">\n\t\t\t\t\t\t<div class=\"elementor-element elementor-element-023f373 elementor-widget elementor-widget-heading\" data-id=\"023f373\" data-element_type=\"widget\" data-widget_type=\"heading.default\">\n\t\t\t\t<div class=\"elementor-widget-container\">\n\t\t\t<h1 class=\"elementor-heading-title elementor-size-default\">Kontaktiere uns<\/h1>\t\t<\/div>\n\t\t\t\t<\/div>\n\t\t\t\t<div class=\"elementor-element elementor-element-82dee8c elementor-widget__width-initial elementor-widget elementor-widget-text-editor\" data-id=\"82dee8c\" data-element_type=\"widget\" data-widget_type=\"text-editor.default\">\n\t\t\t\t<div class=\"elementor-widget-container\">\n\t\t\t\t\t\t\t\t<div class=\"elementor-text-editor elementor-clearfix\">\n\t\t\t\t<p>Wir stehen Ihnen f\u00fcr alle Informationen zur Verf\u00fcgung, die Sie ben\u00f6tigen. Unsere Mitarbeiter werden auf alle Ihre Anfragen reagieren.<\/p>\t\t\t\t\t<\/div>\n\t\t\t\t\t\t<\/div>\n\t\t\t\t<\/div>\n\t\t\t\t<div class=\"elementor-element elementor-element-ec90db8 elementor-view-default elementor-widget elementor-widget-icon\" data-id=\"ec90db8\" data-element_type=\"widget\" data-widget_type=\"icon.default\">\n\t\t\t\t<div class=\"elementor-widget-container\">\n\t\t\t\t\t<div class=\"elementor-icon-wrapper\">\n\t\t\t<div class=\"elementor-icon\">\n\t\t\t<i aria-hidden=\"true\" class=\"foxuries-icon- foxuries-icon-map-marker-alt\"><\/i>\t\t\t<\/div>\n\t\t<\/div>\n\t\t\t\t<\/div>\n\t\t\t\t<\/div>\n\t\t\t\t<div class=\"elementor-element elementor-element-f7b4158 elementor-widget elementor-widget-text-editor\" data-id=\"f7b4158\" data-element_type=\"widget\" data-widget_type=\"text-editor.default\">\n\t\t\t\t<div class=\"elementor-widget-container\">\n\t\t\t\t\t\t\t\t<div class=\"elementor-text-editor elementor-clearfix\">\n\t\t\t\t<p>ADRESSE<\/p>\t\t\t\t\t<\/div>\n\t\t\t\t\t\t<\/div>\n\t\t\t\t<\/div>\n\t\t\t\t<div class=\"elementor-element elementor-element-89cb7fe elementor-widget elementor-widget-heading\" data-id=\"89cb7fe\" data-element_type=\"widget\" data-widget_type=\"heading.default\">\n\t\t\t\t<div class=\"elementor-widget-container\">\n\t\t\t<h3 class=\"elementor-heading-title elementor-size-default\">Via Riu Balbaru, 24 <br>07030, Badesi (SS)\n<\/h3>\t\t<\/div>\n\t\t\t\t<\/div>\n\t\t\t\t<div class=\"elementor-element elementor-element-43cc670 elementor-view-default elementor-widget elementor-widget-icon\" data-id=\"43cc670\" data-element_type=\"widget\" data-widget_type=\"icon.default\">\n\t\t\t\t<div class=\"elementor-widget-container\">\n\t\t\t\t\t<div class=\"elementor-icon-wrapper\">\n\t\t\t<div class=\"elementor-icon\">\n\t\t\t<i aria-hidden=\"true\" class=\"foxuries-icon- foxuries-icon-mobile\"><\/i>\t\t\t<\/div>\n\t\t<\/div>\n\t\t\t\t<\/div>\n\t\t\t\t<\/div>\n\t\t\t\t<div class=\"elementor-element elementor-element-4e5f3bf elementor-widget elementor-widget-text-editor\" data-id=\"4e5f3bf\" data-element_type=\"widget\" data-widget_type=\"text-editor.default\">\n\t\t\t\t<div class=\"elementor-widget-container\">\n\t\t\t\t\t\t\t\t<div class=\"elementor-text-editor elementor-clearfix\">\n\t\t\t\t<p>TELEFON<\/p>\t\t\t\t\t<\/div>\n\t\t\t\t\t\t<\/div>\n\t\t\t\t<\/div>\n\t\t\t\t<div class=\"elementor-element elementor-element-6d8603f elementor-widget elementor-widget-heading\" data-id=\"6d8603f\" data-element_type=\"widget\" data-widget_type=\"heading.default\">\n\t\t\t\t<div class=\"elementor-widget-container\">\n\t\t\t<h3 class=\"elementor-heading-title elementor-size-default\"><a href=\"tel: 39079684479\">+39 079 684479<\/a><\/h3>\t\t<\/div>\n\t\t\t\t<\/div>\n\t\t\t\t<div class=\"elementor-element elementor-element-05f4ea6 elementor-view-default elementor-widget elementor-widget-icon\" data-id=\"05f4ea6\" data-element_type=\"widget\" data-widget_type=\"icon.default\">\n\t\t\t\t<div class=\"elementor-widget-container\">\n\t\t\t\t\t<div class=\"elementor-icon-wrapper\">\n\t\t\t<div class=\"elementor-icon\">\n\t\t\t<i aria-hidden=\"true\" class=\"fab fa-whatsapp\"><\/i>\t\t\t<\/div>\n\t\t<\/div>\n\t\t\t\t<\/div>\n\t\t\t\t<\/div>\n\t\t\t\t<div class=\"elementor-element elementor-element-b158f88 elementor-widget elementor-widget-text-editor\" data-id=\"b158f88\" data-element_type=\"widget\" data-widget_type=\"text-editor.default\">\n\t\t\t\t<div class=\"elementor-widget-container\">\n\t\t\t\t\t\t\t\t<div class=\"elementor-text-editor elementor-clearfix\">\n\t\t\t\t<p>WHATSAPP<\/p>\t\t\t\t\t<\/div>\n\t\t\t\t\t\t<\/div>\n\t\t\t\t<\/div>\n\t\t\t\t<div class=\"elementor-element elementor-element-d9e4648 elementor-widget elementor-widget-heading\" data-id=\"d9e4648\" data-element_type=\"widget\" data-widget_type=\"heading.default\">\n\t\t\t\t<div class=\"elementor-widget-container\">\n\t\t\t<h3 class=\"elementor-heading-title elementor-size-default\"><a href=\"tel: 393351654343\">+39 335 1654343<\/a><\/h3>\t\t<\/div>\n\t\t\t\t<\/div>\n\t\t\t\t<div class=\"elementor-element elementor-element-e52fdb8 elementor-view-default elementor-widget elementor-widget-icon\" data-id=\"e52fdb8\" data-element_type=\"widget\" data-widget_type=\"icon.default\">\n\t\t\t\t<div class=\"elementor-widget-container\">\n\t\t\t\t\t<div class=\"elementor-icon-wrapper\">\n\t\t\t<div class=\"elementor-icon\">\n\t\t\t<i aria-hidden=\"true\" class=\"foxuries-icon- foxuries-icon-envelope\"><\/i>\t\t\t<\/div>\n\t\t<\/div>\n\t\t\t\t<\/div>\n\t\t\t\t<\/div>\n\t\t\t\t<div class=\"elementor-element elementor-element-7325a03 elementor-widget elementor-widget-text-editor\" data-id=\"7325a03\" data-element_type=\"widget\" data-widget_type=\"text-editor.default\">\n\t\t\t\t<div class=\"elementor-widget-container\">\n\t\t\t\t\t\t\t\t<div class=\"elementor-text-editor elementor-clearfix\">\n\t\t\t\tEMAIL\t\t\t\t\t<\/div>\n\t\t\t\t\t\t<\/div>\n\t\t\t\t<\/div>\n\t\t\t\t<div class=\"elementor-element elementor-element-2c87225 elementor-widget elementor-widget-heading\" data-id=\"2c87225\" data-element_type=\"widget\" data-widget_type=\"heading.default\">\n\t\t\t\t<div class=\"elementor-widget-container\">\n\t\t\t<h3 class=\"elementor-heading-title elementor-size-default\"><a href=\"mailto:grussua@alice.it\">grussua@alice.it<\/a><\/h3>\t\t<\/div>\n\t\t\t\t<\/div>\n\t\t\t\t\t\t<\/div>\n\t\t\t\t\t<\/div>\n\t\t<\/div>\n\t\t\t\t<div class=\"elementor-column elementor-col-50 elementor-top-column elementor-element elementor-element-2205447\" data-id=\"2205447\" data-element_type=\"column\" data-settings=\"{&quot;background_background&quot;:&quot;classic&quot;}\">\n\t\t\t<div class=\"elementor-column-wrap elementor-element-populated\">\n\t\t\t\t\t\t\t<div class=\"elementor-widget-wrap\">\n\t\t\t\t\t\t<div class=\"elementor-element elementor-element-c940480 elementor-widget elementor-widget-heading\" data-id=\"c940480\" data-element_type=\"widget\" data-widget_type=\"heading.default\">\n\t\t\t\t<div class=\"elementor-widget-container\">\n\t\t\t<h1 class=\"elementor-heading-title elementor-size-default\">Schreib uns<\/h1>\t\t<\/div>\n\t\t\t\t<\/div>\n\t\t\t\t<div class=\"elementor-element elementor-element-1630982 elementor-widget elementor-widget-text-editor\" data-id=\"1630982\" data-element_type=\"widget\" data-widget_type=\"text-editor.default\">\n\t\t\t\t<div class=\"elementor-widget-container\">\n\t\t\t\t\t\t\t\t<div class=\"elementor-text-editor elementor-clearfix\">\n\t\t\t\t<p>Bei Fragen, W\u00fcnschen oder Informationen f\u00fcllen Sie bitte das folgende Formular aus. Wir werden uns so schnell wie m\u00f6glich bei Ihnen melden.<\/p>\t\t\t\t\t<\/div>\n\t\t\t\t\t\t<\/div>\n\t\t\t\t<\/div>\n\t\t\t\t<div class=\"elementor-element elementor-element-46d032b elementor-widget elementor-widget-foxuries-contactform\" data-id=\"46d032b\" data-element_type=\"widget\" data-widget_type=\"foxuries-contactform.default\">\n\t\t\t\t<div class=\"elementor-widget-container\">\n\t\t\t<div role=\"form\" class=\"wpcf7\" id=\"wpcf7-f1559-o1\" lang=\"en-US\" dir=\"ltr\">\n<div class=\"screen-reader-response\"><p role=\"status\" aria-live=\"polite\" aria-atomic=\"true\"><\/p> <ul><\/ul><\/div>\n<form action=\"\/de\/wp-json\/wp\/v2\/pages\/569#wpcf7-f1559-o1\" method=\"post\" class=\"wpcf7-form init\" novalidate=\"novalidate\" data-status=\"init\" data-trp-original-action=\"\/de\/wp-json\/wp\/v2\/pages\/569#wpcf7-f1559-o1\">\n<div style=\"display: none;\">\n<input type=\"hidden\" name=\"_wpcf7\" value=\"1559\" \/>\n<input type=\"hidden\" name=\"_wpcf7_version\" value=\"5.5.6.1\" \/>\n<input type=\"hidden\" name=\"_wpcf7_locale\" value=\"en_US\" \/>\n<input type=\"hidden\" name=\"_wpcf7_unit_tag\" value=\"wpcf7-f1559-o1\" \/>\n<input type=\"hidden\" name=\"_wpcf7_container_post\" value=\"0\" \/>\n<input type=\"hidden\" name=\"_wpcf7_posted_data_hash\" value=\"\" \/>\n<\/div>\n<div class=\"form-row\">\n<div class=\"column-half\"><span class=\"wpcf7-form-control-wrap your-name\"><input type=\"text\" name=\"your-name\" value=\"\" size=\"40\" class=\"wpcf7-form-control wpcf7-text wpcf7-validates-as-required\" aria-required=\"true\" aria-invalid=\"false\" placeholder=\"Vorname &amp; Familienname\" \/><\/span><\/div>\n<div class=\"column-half\"><span class=\"wpcf7-form-control-wrap phone-number\"><input type=\"tel\" name=\"phone-number\" value=\"\" size=\"40\" class=\"wpcf7-form-control wpcf7-text wpcf7-tel wpcf7-validates-as-required wpcf7-validates-as-tel\" aria-required=\"true\" aria-invalid=\"false\" placeholder=\"Telefon\" \/><\/span><\/div>\n<div class=\"column-half\"><span class=\"wpcf7-form-control-wrap your-email\"><input type=\"email\" name=\"your-email\" value=\"\" size=\"40\" class=\"wpcf7-form-control wpcf7-text wpcf7-email wpcf7-validates-as-required wpcf7-validates-as-email\" aria-required=\"true\" aria-invalid=\"false\" placeholder=\"Email\" \/><\/span><\/div>\n<div class=\"column-half\">Eincheckdatum <span class=\"wpcf7-form-control-wrap date-237\"><input type=\"date\" name=\"date-237\" value=\"\" class=\"wpcf7-form-control wpcf7-date wpcf7-validates-as-required wpcf7-validates-as-date\" min=\"2026-04-27\" aria-required=\"true\" aria-invalid=\"false\" \/><\/span><\/div>\n<div class=\"column-half\">Abreisedatum <span class=\"wpcf7-form-control-wrap date-238\"><input type=\"date\" name=\"date-238\" value=\"\" class=\"wpcf7-form-control wpcf7-date wpcf7-validates-as-required wpcf7-validates-as-date\" min=\"2026-04-27\" aria-required=\"true\" aria-invalid=\"false\" \/><\/span><\/div>\n<div class=\"column-half\">Art der Unterbringung<span class=\"wpcf7-form-control-wrap menu-182\"><select name=\"menu-182\" class=\"wpcf7-form-control wpcf7-select\" aria-invalid=\"false\"><option value=\"\">---<\/option><option value=\"Camera Matrimoniale\">Doppelzimmer<\/option><option value=\"Camera Tripla\">Dreibettzimmer<\/option><option value=\"Camera Matrimoniale Piccola\">Kleines Doppelzimmer<\/option><option value=\"Appartamento A\">Wohnungen A<\/option><option value=\"Appartamento B\">Wohnungen B<\/option><option value=\"Casa Adina\">Casa Adina<\/option><\/select><\/span><\/div>\n<div><\/div>\n<div><\/div>\n<div class=\"column-half\"><span class=\"wpcf7-form-control-wrap your-message\"><textarea name=\"your-message\" cols=\"40\" rows=\"4\" class=\"wpcf7-form-control wpcf7-textarea\" aria-invalid=\"false\" placeholder=\"Botschaft\"><\/textarea><\/span><\/div>\n<p><span class=\"wpcf7-form-control-wrap acceptance-150\"><span class=\"wpcf7-form-control wpcf7-acceptance\"><span class=\"wpcf7-list-item\"><input type=\"checkbox\" name=\"acceptance-150\" value=\"1\" aria-invalid=\"false\" \/><\/span><\/span><\/span> Ich habe das gelesen und akzeptiert<a href=\"https:\/\/www.villaagnese.com\/de\/privacy-cookies-policy\/\">die Datenschutzrichtlinie<\/a><br \/>\n<div class=\"cf7-cf-turnstile\" style=\"margin-top: 0px; margin-bottom: -15px;\"> <div id=\"cf-turnstile-cf7-2936528841\" class=\"cf-turnstile\" data-sitekey=\"0x4AAAAAABIboxv7lTNU0WzF\" data-theme=\"light\" data-language=\"auto\" data-size=\"normal\" data-retry=\"auto\" data-retry-interval=\"1000\" data-refresh-expired=\"auto\" data-refresh-timeout=\"auto\" data-action=\"contact-form-7\" data-callback=\"turnstileCF7Callback\" data-appearance=\"always\"><\/div> <script>document.addEventListener(\"DOMContentLoaded\", function() { setTimeout(function(){ var e=document.getElementById(\"cf-turnstile-cf7-2936528841\"); if(e&&!e.innerHTML.trim()){turnstile.render(e, {sitekey:\"0x4AAAAAABIboxv7lTNU0WzF\"});} }, 200); });<\/script> <br class=\"cf-turnstile-br cf-turnstile-br-cf7-2936528841\"> <style>#cf-turnstile-cf7-2936528841 { margin-left: -15px; }<\/style> <script>document.addEventListener(\"DOMContentLoaded\",function(){document.querySelectorAll('.wpcf7-form').forEach(function(e){e.addEventListener('submit',function(){if(document.getElementById('cf-turnstile-cf7-2936528841')){setTimeout(function(){turnstile.reset('#cf-turnstile-cf7-2936528841');},1000)}})})});<\/script> <\/div><\/p>\n<div><button type=\"submit\"><i class=\"foxuries-icon-long-arrow-right\"><\/i><span>Senden<\/span><\/button><\/div>\n<\/div>\n<div class=\"wpcf7-response-output\" aria-hidden=\"true\"><\/div><input type=\"hidden\" name=\"trp-form-language\" value=\"de\"\/><\/form><\/div>\t\t<\/div>\n\t\t\t\t<\/div>\n\t\t\t\t\t\t<\/div>\n\t\t\t\t\t<\/div>\n\t\t<\/div>\n\t\t\t\t\t\t\t\t<\/div>\n\t\t\t\t\t<\/div>\n\t\t<\/section>\n\t\t\t\t<section class=\"elementor-section elementor-top-section elementor-element elementor-element-63fa781 elementor-section-stretched elementor-section-full_width elementor-section-height-default elementor-section-height-default\" data-id=\"63fa781\" data-element_type=\"section\" data-settings=\"{&quot;stretch_section&quot;:&quot;section-stretched&quot;}\">\n\t\t\t\t\t\t<div class=\"elementor-container elementor-column-gap-no\">\n\t\t\t\t\t\t\t<div class=\"elementor-row\">\n\t\t\t\t\t<div class=\"elementor-column elementor-col-100 elementor-top-column elementor-element elementor-element-502d148\" data-id=\"502d148\" data-element_type=\"column\">\n\t\t\t<div class=\"elementor-column-wrap elementor-element-populated\">\n\t\t\t\t\t\t\t<div class=\"elementor-widget-wrap\">\n\t\t\t\t\t\t<div class=\"elementor-element elementor-element-fe968fd elementor-widget elementor-widget-html\" data-id=\"fe968fd\" data-element_type=\"widget\" data-widget_type=\"html.default\">\n\t\t\t\t<div class=\"elementor-widget-container\">\n\t\t\t<iframe loading=\"lazy\" src=\"https:\/\/www.google.com\/maps\/embed?pb=!1m18!1m12!1m3!1d3012.875850777326!2d8.882421815412659!3d40.9622984793054!2m3!1f0!2f0!3f0!3m2!1i1024!2i768!4f13.1!3m3!1m2!1s0x12dbf5a147bd5289%3A0xa0c17b0b0d80e5b0!2sVilla%20Agnese!5e0!3m2!1sen!2sit!4v1603370057271!5m2!1sen!2sit\" width=\"100%\" height=\"450\" frameborder=\"0\" style=\"border:0;\" allowfullscreen=\"\" aria-hidden=\"false\" tabindex=\"0\"><\/iframe>\t\t<\/div>\n\t\t\t\t<\/div>\n\t\t\t\t\t\t<\/div>\n\t\t\t\t\t<\/div>\n\t\t<\/div>\n\t\t\t\t\t\t\t\t<\/div>\n\t\t\t\t\t<\/div>\n\t\t<\/section>\n\t\t\t\t\t\t<\/div>\n\t\t\t\t\t\t<\/div>\n\t\t\t\t\t<\/div>","protected":false},"excerpt":{"rendered":"<p>Contattaci Siamo a tua disposizione per ogni informazione tu possa necessitare. Il nostro staff risponder\u00e0 ad ogni tua richiesta. INDIRIZZO Via Riu Balbaru, 24 07030, Badesi (SS) TELEFONO +39 079 684479 WHATSAPP +39 335 1654343 EMAIL grussua@alice.it Scrivici un messaggio Per ogni domanda, richiesta o informazione, non esitare a compilare il form sottostante. Ti risponderemo [&hellip;]<\/p>","protected":false},"author":1,"featured_media":0,"parent":0,"menu_order":0,"comment_status":"closed","ping_status":"closed","template":"elementor_header_footer","meta":{"inline_featured_image":false},"yoast_head":"<!-- This site is optimized with the Yoast SEO plugin v19.4 - https:\/\/yoast.com\/wordpress\/plugins\/seo\/ -->\n<title>Contatti - Residence B&amp;B Villa Agnese - Badesi, Sardegna<\/title>\n<meta name=\"description\" content=\"Contatti Residence Villa Agnese Badesi Siamo a tua disposizione per ogni informazione. Il nostro staff risponder\u00e0 ad ogni tua richiesta.\" \/>\n<meta name=\"robots\" content=\"index, follow, max-snippet:-1, max-image-preview:large, max-video-preview:-1\" \/>\n<link rel=\"canonical\" href=\"https:\/\/www.villaagnese.com\/de\/contatti\/\" \/>\n<meta property=\"og:locale\" content=\"de_DE\" \/>\n<meta property=\"og:type\" content=\"article\" \/>\n<meta property=\"og:title\" content=\"Contatti - Residence B&amp;B Villa Agnese - Badesi, Sardegna\" \/>\n<meta property=\"og:description\" content=\"Contatti Residence Villa Agnese Badesi Siamo a tua disposizione per ogni informazione. Il nostro staff risponder\u00e0 ad ogni tua richiesta.\" \/>\n<meta property=\"og:url\" content=\"https:\/\/www.villaagnese.com\/de\/contatti\/\" \/>\n<meta property=\"og:site_name\" content=\"Residence B&amp;B Villa Agnese - Badesi, Sardegna\" \/>\n<meta property=\"article:modified_time\" content=\"2022-02-03T14:30:55+00:00\" \/>\n<meta name=\"twitter:card\" content=\"summary_large_image\" \/>\n<meta name=\"twitter:label1\" content=\"Gesch\u00e4tzte Lesezeit\" \/>\n\t<meta name=\"twitter:data1\" content=\"1\u00a0Minute\" \/>\n<script type=\"application\/ld+json\" class=\"yoast-schema-graph\">{\"@context\":\"https:\/\/schema.org\",\"@graph\":[{\"@type\":\"Organization\",\"@id\":\"https:\/\/www.villaagnese.com\/#organization\",\"name\":\"Villa Agnese\",\"url\":\"https:\/\/www.villaagnese.com\/\",\"sameAs\":[],\"logo\":{\"@type\":\"ImageObject\",\"inLanguage\":\"de\",\"@id\":\"https:\/\/www.villaagnese.com\/#\/schema\/logo\/image\/\",\"url\":\"https:\/\/www.villaagnese.com\/wp-content\/uploads\/2020\/03\/logo.png\",\"contentUrl\":\"https:\/\/www.villaagnese.com\/wp-content\/uploads\/2020\/03\/logo.png\",\"width\":181,\"height\":68,\"caption\":\"Villa Agnese\"},\"image\":{\"@id\":\"https:\/\/www.villaagnese.com\/#\/schema\/logo\/image\/\"}},{\"@type\":\"WebSite\",\"@id\":\"https:\/\/www.villaagnese.com\/#website\",\"url\":\"https:\/\/www.villaagnese.com\/\",\"name\":\"Residence B&amp;B Villa Agnese - Badesi, Sardegna\",\"description\":\"\",\"publisher\":{\"@id\":\"https:\/\/www.villaagnese.com\/#organization\"},\"potentialAction\":[{\"@type\":\"SearchAction\",\"target\":{\"@type\":\"EntryPoint\",\"urlTemplate\":\"https:\/\/www.villaagnese.com\/?s={search_term_string}\"},\"query-input\":\"required name=search_term_string\"}],\"inLanguage\":\"de\"},{\"@type\":\"WebPage\",\"@id\":\"https:\/\/www.villaagnese.com\/contatti\/\",\"url\":\"https:\/\/www.villaagnese.com\/contatti\/\",\"name\":\"Contatti - Residence B&amp;B Villa Agnese - Badesi, Sardegna\",\"isPartOf\":{\"@id\":\"https:\/\/www.villaagnese.com\/#website\"},\"datePublished\":\"2020-03-21T15:30:02+00:00\",\"dateModified\":\"2022-02-03T14:30:55+00:00\",\"description\":\"Contatti Residence Villa Agnese Badesi Siamo a tua disposizione per ogni informazione. Il nostro staff risponder\u00e0 ad ogni tua richiesta.\",\"breadcrumb\":{\"@id\":\"https:\/\/www.villaagnese.com\/contatti\/#breadcrumb\"},\"inLanguage\":\"de\",\"potentialAction\":[{\"@type\":\"ReadAction\",\"target\":[\"https:\/\/www.villaagnese.com\/contatti\/\"]}]},{\"@type\":\"BreadcrumbList\",\"@id\":\"https:\/\/www.villaagnese.com\/contatti\/#breadcrumb\",\"itemListElement\":[{\"@type\":\"ListItem\",\"position\":1,\"name\":\"Home\",\"item\":\"https:\/\/www.villaagnese.com\/\"},{\"@type\":\"ListItem\",\"position\":2,\"name\":\"Contatti\"}]}]}<\/script>\n<!-- \/ Yoast SEO plugin. -->","yoast_head_json":{"title":"Contatti - Residence B&amp;B Villa Agnese - Badesi, Sardegna","description":"Contatti Residence Villa Agnese Badesi Siamo a tua disposizione per ogni informazione. Il nostro staff risponder\u00e0 ad ogni tua richiesta.","robots":{"index":"index","follow":"follow","max-snippet":"max-snippet:-1","max-image-preview":"max-image-preview:large","max-video-preview":"max-video-preview:-1"},"canonical":"https:\/\/www.villaagnese.com\/de\/contatti\/","og_locale":"de_DE","og_type":"article","og_title":"Contatti - Residence B&amp;B Villa Agnese - Badesi, Sardegna","og_description":"Contatti Residence Villa Agnese Badesi Siamo a tua disposizione per ogni informazione. Il nostro staff risponder\u00e0 ad ogni tua richiesta.","og_url":"https:\/\/www.villaagnese.com\/de\/contatti\/","og_site_name":"Residence B&amp;B Villa Agnese - Badesi, Sardegna","article_modified_time":"2022-02-03T14:30:55+00:00","twitter_card":"summary_large_image","twitter_misc":{"Gesch\u00e4tzte Lesezeit":"1\u00a0Minute"},"schema":{"@context":"https:\/\/schema.org","@graph":[{"@type":"Organization","@id":"https:\/\/www.villaagnese.com\/#organization","name":"Villa Agnese","url":"https:\/\/www.villaagnese.com\/","sameAs":[],"logo":{"@type":"ImageObject","inLanguage":"de","@id":"https:\/\/www.villaagnese.com\/#\/schema\/logo\/image\/","url":"https:\/\/www.villaagnese.com\/wp-content\/uploads\/2020\/03\/logo.png","contentUrl":"https:\/\/www.villaagnese.com\/wp-content\/uploads\/2020\/03\/logo.png","width":181,"height":68,"caption":"Villa Agnese"},"image":{"@id":"https:\/\/www.villaagnese.com\/#\/schema\/logo\/image\/"}},{"@type":"WebSite","@id":"https:\/\/www.villaagnese.com\/#website","url":"https:\/\/www.villaagnese.com\/","name":"Residence B&amp;B Villa Agnese - Badesi, Sardegna","description":"","publisher":{"@id":"https:\/\/www.villaagnese.com\/#organization"},"potentialAction":[{"@type":"SearchAction","target":{"@type":"EntryPoint","urlTemplate":"https:\/\/www.villaagnese.com\/?s={search_term_string}"},"query-input":"required name=search_term_string"}],"inLanguage":"de"},{"@type":"WebPage","@id":"https:\/\/www.villaagnese.com\/contatti\/","url":"https:\/\/www.villaagnese.com\/contatti\/","name":"Contatti - Residence B&amp;B Villa Agnese - Badesi, Sardegna","isPartOf":{"@id":"https:\/\/www.villaagnese.com\/#website"},"datePublished":"2020-03-21T15:30:02+00:00","dateModified":"2022-02-03T14:30:55+00:00","description":"Contatti Residence Villa Agnese Badesi Siamo a tua disposizione per ogni informazione. Il nostro staff risponder\u00e0 ad ogni tua richiesta.","breadcrumb":{"@id":"https:\/\/www.villaagnese.com\/contatti\/#breadcrumb"},"inLanguage":"de","potentialAction":[{"@type":"ReadAction","target":["https:\/\/www.villaagnese.com\/contatti\/"]}]},{"@type":"BreadcrumbList","@id":"https:\/\/www.villaagnese.com\/contatti\/#breadcrumb","itemListElement":[{"@type":"ListItem","position":1,"name":"Home","item":"https:\/\/www.villaagnese.com\/"},{"@type":"ListItem","position":2,"name":"Contatti"}]}]}},"_links":{"self":[{"href":"https:\/\/www.villaagnese.com\/de\/wp-json\/wp\/v2\/pages\/569"}],"collection":[{"href":"https:\/\/www.villaagnese.com\/de\/wp-json\/wp\/v2\/pages"}],"about":[{"href":"https:\/\/www.villaagnese.com\/de\/wp-json\/wp\/v2\/types\/page"}],"author":[{"embeddable":true,"href":"https:\/\/www.villaagnese.com\/de\/wp-json\/wp\/v2\/users\/1"}],"replies":[{"embeddable":true,"href":"https:\/\/www.villaagnese.com\/de\/wp-json\/wp\/v2\/comments?post=569"}],"version-history":[{"count":26,"href":"https:\/\/www.villaagnese.com\/de\/wp-json\/wp\/v2\/pages\/569\/revisions"}],"predecessor-version":[{"id":5320,"href":"https:\/\/www.villaagnese.com\/de\/wp-json\/wp\/v2\/pages\/569\/revisions\/5320"}],"wp:attachment":[{"href":"https:\/\/www.villaagnese.com\/de\/wp-json\/wp\/v2\/media?parent=569"}],"curies":[{"name":"wp","href":"https:\/\/api.w.org\/{rel}","templated":true}]}}